{"id":4,"date":"2019-07-28T13:10:34","date_gmt":"2019-07-28T13:10:34","guid":{"rendered":"http:\/\/gedichteschreiberin.de\/?page_id=4"},"modified":"2019-12-03T20:27:22","modified_gmt":"2019-12-03T20:27:22","slug":"ueber-mich","status":"publish","type":"page","link":"https:\/\/gedichteschreiberin.de\/?page_id=4","title":{"rendered":"\u00dcber mich"},"content":{"rendered":"\n<p>Heyhey, darf ich mich vorstellen? Ich hei\u00dfe Anna, bin gl\u00fccklich verheiratet und Mutter von zwei WUNDERvollen Kindern. Danke Jesus! Ich liebe meinen Papa im Himmel und es versetzt mich in Staunen, sein Wesen immer mehr zu erfassen und mich von ihm gesund lieben zu lassen. \ud83d\ude42 <\/p>\n\n\n\n<p>Hier bei Gedichteschreiberin, schreibe ich&#8230;.GEDICHTE&#8230;wer h\u00e4tte das gedacht?? ^^ Ich schreibe Gedichte \u00fcber Gott, das Leben, verschiedene Gedanken und allerlei Dinge, die mein Herz ber\u00fchren. <\/p>\n\n\n\n<p>Vielleicht ber\u00fchren diese Gedichte auch dein Herz?<\/p>\n\n\n\n<p>Ich freue mich, wenn diese &#8222;Herzensworte&#8220; etwas in dir bewegen.<br>Du darfst mir gerne schreiben und mir dein Feedback geben. <br>Gr\u00fc\u00dfle Anna <\/p>\n\n\n\n<div class=\"wp-block-image\"><figure class=\"alignright\"><img loading=\"lazy\" decoding=\"async\" width=\"827\" height=\"1024\" src=\"http:\/\/gedichteschreiberin.de\/wp-content\/uploads\/2019\/08\/Anna_Schmedderling-827x1024.jpg\" alt=\"\" class=\"wp-image-56\" srcset=\"https:\/\/gedichteschreiberin.de\/wp-content\/uploads\/2019\/08\/Anna_Schmedderling-827x1024.jpg 827w, https:\/\/gedichteschreiberin.de\/wp-content\/uploads\/2019\/08\/Anna_Schmedderling-242x300.jpg 242w, https:\/\/gedichteschreiberin.de\/wp-content\/uploads\/2019\/08\/Anna_Schmedderling-768x951.jpg 768w\" sizes=\"auto, (max-width: 827px) 100vw, 827px\" \/><\/figure><\/div>\n\n\n\n<p><\/p>\n","protected":false},"excerpt":{"rendered":"<p>Heyhey, darf ich mich vorstellen? Ich hei\u00dfe Anna, bin gl\u00fccklich verheiratet und Mutter von zwei WUNDERvollen Kindern. Danke Jesus! Ich liebe meinen Papa im Himmel und es versetzt mich in Staunen, sein Wesen immer mehr zu erfassen und mich von ihm gesund lieben zu lassen. \ud83d\ude42 Hier bei Gedichteschreiberin, schreibe ich&#8230;.GEDICHTE&#8230;wer h\u00e4tte das gedacht?? ^^&hellip;<\/p>\n","protected":false},"author":1,"featured_media":0,"parent":0,"menu_order":0,"comment_status":"closed","ping_status":"closed","template":"","meta":{"footnotes":""},"class_list":["post-4","page","type-page","status-publish","hentry"],"_links":{"self":[{"href":"https:\/\/gedichteschreiberin.de\/index.php?rest_route=\/wp\/v2\/pages\/4","targetHints":{"allow":["GET"]}}],"collection":[{"href":"https:\/\/gedichteschreiberin.de\/index.php?rest_route=\/wp\/v2\/pages"}],"about":[{"href":"https:\/\/gedichteschreiberin.de\/index.php?rest_route=\/wp\/v2\/types\/page"}],"author":[{"embeddable":true,"href":"https:\/\/gedichteschreiberin.de\/index.php?rest_route=\/wp\/v2\/users\/1"}],"replies":[{"embeddable":true,"href":"https:\/\/gedichteschreiberin.de\/index.php?rest_route=%2Fwp%2Fv2%2Fcomments&post=4"}],"version-history":[{"count":6,"href":"https:\/\/gedichteschreiberin.de\/index.php?rest_route=\/wp\/v2\/pages\/4\/revisions"}],"predecessor-version":[{"id":78,"href":"https:\/\/gedichteschreiberin.de\/index.php?rest_route=\/wp\/v2\/pages\/4\/revisions\/78"}],"wp:attachment":[{"href":"https:\/\/gedichteschreiberin.de\/index.php?rest_route=%2Fwp%2Fv2%2Fmedia&parent=4"}],"curies":[{"name":"wp","href":"https:\/\/api.w.org\/{rel}","templated":true}]}}