{"id":403,"date":"2026-01-03T13:44:16","date_gmt":"2026-01-03T13:44:16","guid":{"rendered":"https:\/\/gedichteschreiberin.de\/?page_id=403"},"modified":"2026-01-03T13:44:16","modified_gmt":"2026-01-03T13:44:16","slug":"gedichte-ueber-den-tod","status":"publish","type":"page","link":"https:\/\/gedichteschreiberin.de\/?page_id=403","title":{"rendered":"Gedichte \u00fcber den Tod"},"content":{"rendered":"\n<p>Der Tod ist uns allen eher Feind als Freund oder? <br>Ich habe leider schon einige Menschen dadurch &#8222;verloren&#8220;.<br>Es ist oft schwierig, \u00fcber den Tod zu reden und Trauer in Worte zu fassen. <br>Durch die Verluste, die ich erlebt habe, habe ich einige Gedichte \u00fcber den Tod geschrieben.<br>Ich glaube an Gott und dadurch auch an das ewige Leben nach dem Tod (durch Jesus).<br>Das tr\u00f6stet mich sehr oft und gibt mir eine tiefe Hoffnung, die \u00fcber dieses Leben hinaus geht.<br>In diesen Gedichten schreibe ich auch \u00fcber das ewige Leben, unser himmlisches Zuhause.<\/p>\n","protected":false},"excerpt":{"rendered":"<p>Der Tod ist uns allen eher Feind als Freund oder? Ich habe leider schon einige Menschen dadurch &#8222;verloren&#8220;.Es ist oft schwierig, \u00fcber den Tod zu reden und Trauer in Worte zu fassen. Durch die Verluste, die ich erlebt habe, habe ich einige Gedichte \u00fcber den Tod geschrieben.Ich glaube an Gott und dadurch auch an das&hellip;<\/p>\n","protected":false},"author":1,"featured_media":0,"parent":0,"menu_order":0,"comment_status":"closed","ping_status":"closed","template":"","meta":{"footnotes":""},"class_list":["post-403","page","type-page","status-publish","hentry"],"_links":{"self":[{"href":"https:\/\/gedichteschreiberin.de\/index.php?rest_route=\/wp\/v2\/pages\/403","targetHints":{"allow":["GET"]}}],"collection":[{"href":"https:\/\/gedichteschreiberin.de\/index.php?rest_route=\/wp\/v2\/pages"}],"about":[{"href":"https:\/\/gedichteschreiberin.de\/index.php?rest_route=\/wp\/v2\/types\/page"}],"author":[{"embeddable":true,"href":"https:\/\/gedichteschreiberin.de\/index.php?rest_route=\/wp\/v2\/users\/1"}],"replies":[{"embeddable":true,"href":"https:\/\/gedichteschreiberin.de\/index.php?rest_route=%2Fwp%2Fv2%2Fcomments&post=403"}],"version-history":[{"count":1,"href":"https:\/\/gedichteschreiberin.de\/index.php?rest_route=\/wp\/v2\/pages\/403\/revisions"}],"predecessor-version":[{"id":408,"href":"https:\/\/gedichteschreiberin.de\/index.php?rest_route=\/wp\/v2\/pages\/403\/revisions\/408"}],"wp:attachment":[{"href":"https:\/\/gedichteschreiberin.de\/index.php?rest_route=%2Fwp%2Fv2%2Fmedia&parent=403"}],"curies":[{"name":"wp","href":"https:\/\/api.w.org\/{rel}","templated":true}]}}